{"id":164,"date":"2023-08-24T14:01:44","date_gmt":"2023-08-24T12:01:44","guid":{"rendered":"https:\/\/lagrandedictee.fr\/?page_id=164"},"modified":"2025-04-11T12:13:46","modified_gmt":"2025-04-11T10:13:46","slug":"accueil","status":"publish","type":"page","link":"https:\/\/lagrandedictee.fr\/","title":{"rendered":"Accueil"},"content":{"rendered":"\t\t<div data-elementor-type=\"wp-page\" data-elementor-id=\"164\" class=\"elementor elementor-164\" data-elementor-post-type=\"page\">\n\t\t\t\t\t\t\t<div class=\"elementor-element elementor-element-06e78d3 e-flex e-con-boxed e-con\" data-id=\"06e78d3\" data-element_type=\"container\" data-settings=\"{&quot;content_width&quot;:&quot;boxed&quot;}\">\n\t\t\t\t\t<div class=\"e-con-inner\">\n\t\t<div class=\"elementor-element elementor-element-5b28014 e-flex e-con-boxed e-con\" data-id=\"5b28014\" data-element_type=\"container\" data-settings=\"{&quot;content_width&quot;:&quot;boxed&quot;}\">\n\t\t\t\t\t<div class=\"e-con-inner\">\n\t\t\t\t<div class=\"elementor-element elementor-element-164c9bc elementor-widget elementor-widget-image\" data-id=\"164c9bc\" data-element_type=\"widget\" data-widget_type=\"image.default\">\n\t\t\t\t<div class=\"elementor-widget-container\">\n\t\t\t<style>\/*! elementor - v3.15.0 - 02-08-2023 *\/\n.elementor-widget-image{text-align:center}.elementor-widget-image a{display:inline-block}.elementor-widget-image a img[src$=\".svg\"]{width:48px}.elementor-widget-image img{vertical-align:middle;display:inline-block}<\/style>\t\t\t\t\t\t\t\t\t\t\t\t<img decoding=\"async\" src=\"https:\/\/lagrandedictee.fr\/wp-content\/uploads\/elementor\/thumbs\/Grande-Dictee-Logo-qbdeke1hxd97mv6z35cjd2701fp2v0usaj4lysbnk0.png\" title=\"Grande-Dictee-Logo\" alt=\"Grande-Dictee-Logo\" loading=\"lazy\" \/>\t\t\t\t\t\t\t\t\t\t\t\t\t\t\t<\/div>\n\t\t\t\t<\/div>\n\t\t\t\t\t<\/div>\n\t\t\t\t<\/div>\n\t\t<div class=\"elementor-element elementor-element-284f966 e-flex e-con-boxed e-con\" data-id=\"284f966\" data-element_type=\"container\" data-settings=\"{&quot;content_width&quot;:&quot;boxed&quot;}\">\n\t\t\t\t\t<div class=\"e-con-inner\">\n\t\t\t\t<div class=\"elementor-element elementor-element-11d3bee elementor-align-right elementor-widget elementor-widget-button\" data-id=\"11d3bee\" data-element_type=\"widget\" data-widget_type=\"button.default\">\n\t\t\t\t<div class=\"elementor-widget-container\">\n\t\t\t\t\t<div class=\"elementor-button-wrapper\">\n\t\t\t<a class=\"elementor-button elementor-button-link elementor-size-xs\" href=\"https:\/\/lagrandedictee.fr\/index.php\/paris-capitale-litteraire-entre-grande-dictee-et-festival-du-livre-2025\/\">\n\t\t\t\t\t\t<span class=\"elementor-button-content-wrapper\">\n\t\t\t\t\t\t<span class=\"elementor-button-text\">Actualit\u00e9s<\/span>\n\t\t<\/span>\n\t\t\t\t\t<\/a>\n\t\t<\/div>\n\t\t\t\t<\/div>\n\t\t\t\t<\/div>\n\t\t\t\t\t<\/div>\n\t\t\t\t<\/div>\n\t\t\t\t\t<\/div>\n\t\t\t\t<\/div>\n\t\t<div class=\"elementor-element elementor-element-1bbe524 e-con-full e-flex e-con\" data-id=\"1bbe524\" data-element_type=\"container\" data-settings=\"{&quot;content_width&quot;:&quot;full&quot;,&quot;shape_divider_top&quot;:&quot;triangle-asymmetrical&quot;,&quot;shape_divider_bottom&quot;:&quot;triangle-asymmetrical&quot;}\">\n\t\t\t\t<div class=\"elementor-shape elementor-shape-top\" data-negative=\"false\">\n\t\t\t<svg xmlns=\"http:\/\/www.w3.org\/2000\/svg\" viewBox=\"0 0 1000 100\" preserveAspectRatio=\"none\">\n\t<path class=\"elementor-shape-fill\" d=\"M738,99l262-93V0H0v5.6L738,99z\"\/>\n<\/svg>\t\t<\/div>\n\t\t\t\t<div class=\"elementor-shape elementor-shape-bottom\" data-negative=\"false\">\n\t\t\t<svg xmlns=\"http:\/\/www.w3.org\/2000\/svg\" viewBox=\"0 0 1000 100\" preserveAspectRatio=\"none\">\n\t<path class=\"elementor-shape-fill\" d=\"M738,99l262-93V0H0v5.6L738,99z\"\/>\n<\/svg>\t\t<\/div>\n\t\t<div class=\"elementor-element elementor-element-349ba68 e-con-full e-flex e-con\" data-id=\"349ba68\" data-element_type=\"container\" data-settings=\"{&quot;content_width&quot;:&quot;full&quot;,&quot;background_background&quot;:&quot;slideshow&quot;,&quot;background_slideshow_gallery&quot;:[{&quot;id&quot;:131,&quot;url&quot;:&quot;https:\\\/\\\/lagrandedictee.fr\\\/wp-content\\\/uploads\\\/2023\\\/08\\\/Grande-Dictee-Gad.jpg&quot;},{&quot;id&quot;:130,&quot;url&quot;:&quot;https:\\\/\\\/lagrandedictee.fr\\\/wp-content\\\/uploads\\\/2023\\\/08\\\/Grande-Dictee-Elysee.jpg&quot;},{&quot;id&quot;:129,&quot;url&quot;:&quot;https:\\\/\\\/lagrandedictee.fr\\\/wp-content\\\/uploads\\\/2023\\\/08\\\/Grande-Dictee-ArcDeTriomphe.jpg&quot;}],&quot;background_slideshow_loop&quot;:&quot;yes&quot;,&quot;background_slideshow_slide_duration&quot;:5000,&quot;background_slideshow_slide_transition&quot;:&quot;fade&quot;,&quot;background_slideshow_transition_duration&quot;:500}\">\n\t\t\t\t<\/div>\n\t\t<div class=\"elementor-element elementor-element-ed8eb38 e-con-full e-flex e-con\" data-id=\"ed8eb38\" data-element_type=\"container\" data-settings=\"{&quot;content_width&quot;:&quot;full&quot;,&quot;background_background&quot;:&quot;classic&quot;}\">\n\t\t\t\t<div class=\"elementor-element elementor-element-ae9e6af elementor-widget elementor-widget-heading\" data-id=\"ae9e6af\" data-element_type=\"widget\" data-widget_type=\"heading.default\">\n\t\t\t\t<div class=\"elementor-widget-container\">\n\t\t\t<style>\/*! elementor - v3.15.0 - 02-08-2023 *\/\n.elementor-heading-title{padding:0;margin:0;line-height:1}.elementor-widget-heading .elementor-heading-title[class*=elementor-size-]>a{color:inherit;font-size:inherit;line-height:inherit}.elementor-widget-heading .elementor-heading-title.elementor-size-small{font-size:15px}.elementor-widget-heading .elementor-heading-title.elementor-size-medium{font-size:19px}.elementor-widget-heading .elementor-heading-title.elementor-size-large{font-size:29px}.elementor-widget-heading .elementor-heading-title.elementor-size-xl{font-size:39px}.elementor-widget-heading .elementor-heading-title.elementor-size-xxl{font-size:59px}<\/style><h1 class=\"elementor-heading-title elementor-size-default\">L\u2019initiative de grandes dict\u00e9es organis\u00e9es sur toute France est partie d\u2019un constat clair :<\/h1>\t\t<\/div>\n\t\t\t\t<\/div>\n\t\t\t\t<div class=\"elementor-element elementor-element-787fcb6 elementor-widget elementor-widget-heading\" data-id=\"787fcb6\" data-element_type=\"widget\" data-widget_type=\"heading.default\">\n\t\t\t\t<div class=\"elementor-widget-container\">\n\t\t\t<h2 class=\"elementor-heading-title elementor-size-default\">l\u2019orthographe et les mots qui sont des enjeux essentiels pour chacun d\u2019entre nous peuvent \u00eatre un jeu mais surtout un moment f\u00e9d\u00e9rateur.<\/h2>\t\t<\/div>\n\t\t\t\t<\/div>\n\t\t\t\t<\/div>\n\t\t\t\t<\/div>\n\t\t<div class=\"elementor-element elementor-element-45832f8 e-flex e-con-boxed e-con\" data-id=\"45832f8\" data-element_type=\"container\" data-settings=\"{&quot;content_width&quot;:&quot;boxed&quot;}\">\n\t\t\t\t\t<div class=\"e-con-inner\">\n\t\t\t\t<div class=\"elementor-element elementor-element-b017a91 elementor-widget elementor-widget-heading\" data-id=\"b017a91\" data-element_type=\"widget\" data-widget_type=\"heading.default\">\n\t\t\t\t<div class=\"elementor-widget-container\">\n\t\t\t<h2 class=\"elementor-heading-title elementor-size-default\">La mise en place d\u2019organiser une dict\u00e9e g\u00e9ante dans chaque ville permet l\u2019acc\u00e8s \u00e0 la lecture et \u00e0 l\u2019\u00e9criture au plus grand nombre.<\/h2>\t\t<\/div>\n\t\t\t\t<\/div>\n\t\t\t\t<div class=\"elementor-element elementor-element-72cea3c elementor-widget elementor-widget-text-editor\" data-id=\"72cea3c\" data-element_type=\"widget\" data-widget_type=\"text-editor.default\">\n\t\t\t\t<div class=\"elementor-widget-container\">\n\t\t\t<style>\/*! elementor - v3.15.0 - 02-08-2023 *\/\n.elementor-widget-text-editor.elementor-drop-cap-view-stacked .elementor-drop-cap{background-color:#69727d;color:#fff}.elementor-widget-text-editor.elementor-drop-cap-view-framed .elementor-drop-cap{color:#69727d;border:3px solid;background-color:transparent}.elementor-widget-text-editor:not(.elementor-drop-cap-view-default) .elementor-drop-cap{margin-top:8px}.elementor-widget-text-editor:not(.elementor-drop-cap-view-default) .elementor-drop-cap-letter{width:1em;height:1em}.elementor-widget-text-editor .elementor-drop-cap{float:left;text-align:center;line-height:1;font-size:50px}.elementor-widget-text-editor .elementor-drop-cap-letter{display:inline-block}<\/style>\t\t\t\tC\u2019est \u00e9galement un espace de promotion des valeurs r\u00e9publicaines par des textes du patrimoine culturel, un espace de d\u00e9passement de soi dont l\u2019enjeu est la langue fran\u00e7aise.\n\nEnfin cette manifestation promeut l\u2019expression de la citoyennet\u00e9 avec la rencontre de tous les publics, offre des espaces conviviaux de rencontre et d\u2019\u00e9change, contribue \u00e0 la lutte contre l\u2019illettrisme et \u0153uvre pour l\u2019\u00e9galit\u00e9 des chances.\t\t\t\t\t\t<\/div>\n\t\t\t\t<\/div>\n\t\t\t\t\t<\/div>\n\t\t\t\t<\/div>\n\t\t<div class=\"elementor-element elementor-element-8b43668 e-flex e-con-boxed e-con\" data-id=\"8b43668\" data-element_type=\"container\" data-settings=\"{&quot;background_background&quot;:&quot;classic&quot;,&quot;shape_divider_top&quot;:&quot;triangle-asymmetrical&quot;,&quot;shape_divider_bottom&quot;:&quot;triangle-asymmetrical&quot;,&quot;content_width&quot;:&quot;boxed&quot;}\">\n\t\t\t\t\t<div class=\"e-con-inner\">\n\t\t\t\t<div class=\"elementor-shape elementor-shape-top\" data-negative=\"false\">\n\t\t\t<svg xmlns=\"http:\/\/www.w3.org\/2000\/svg\" viewBox=\"0 0 1000 100\" preserveAspectRatio=\"none\">\n\t<path class=\"elementor-shape-fill\" d=\"M738,99l262-93V0H0v5.6L738,99z\"\/>\n<\/svg>\t\t<\/div>\n\t\t\t\t<div class=\"elementor-shape elementor-shape-bottom\" data-negative=\"false\">\n\t\t\t<svg xmlns=\"http:\/\/www.w3.org\/2000\/svg\" viewBox=\"0 0 1000 100\" preserveAspectRatio=\"none\">\n\t<path class=\"elementor-shape-fill\" d=\"M738,99l262-93V0H0v5.6L738,99z\"\/>\n<\/svg>\t\t<\/div>\n\t\t<div class=\"elementor-element elementor-element-b0f98ba e-con-full e-flex e-con\" data-id=\"b0f98ba\" data-element_type=\"container\" data-settings=\"{&quot;content_width&quot;:&quot;full&quot;,&quot;background_background&quot;:&quot;classic&quot;}\">\n\t\t\t\t<div class=\"elementor-element elementor-element-08e04be elementor-widget elementor-widget-text-editor\" data-id=\"08e04be\" data-element_type=\"widget\" data-widget_type=\"text-editor.default\">\n\t\t\t\t<div class=\"elementor-widget-container\">\n\t\t\t\t\t\t\t<p><strong>L\u2019\u00e9quipe de la grande dict\u00e9e a r\u00e9alis\u00e9 plus de 700 dict\u00e9es g\u00e9antes de 2013 \u00e0 2023.<\/strong><\/p><p>Un \u00e9v\u00e9nement d\u2019envergure organis\u00e9 dans les lieux historiques et embl\u00e9matique de la ville de Paris : Ch\u00e2teau de Versailles, Le Palais de L\u2019Elys\u00e9e, L\u2019Arc de Triomphe avenue des Champs Elys\u00e9es, l\u2019Assembl\u00e9e Nationale, La Tour Eiffel la place du Trocad\u00e9ro, Le Grand Palais \u00c9ph\u00e9m\u00e8re et Le S\u00e9nat Palais de Luxembourg.<\/p>\t\t\t\t\t\t<\/div>\n\t\t\t\t<\/div>\n\t\t\t\t<\/div>\n\t\t\t\t\t<\/div>\n\t\t\t\t<\/div>\n\t\t<div class=\"elementor-element elementor-element-f64ccf1 e-flex e-con-boxed e-con\" data-id=\"f64ccf1\" data-element_type=\"container\" data-settings=\"{&quot;background_background&quot;:&quot;classic&quot;,&quot;shape_divider_top&quot;:&quot;triangle-asymmetrical&quot;,&quot;shape_divider_top_negative&quot;:&quot;yes&quot;,&quot;shape_divider_bottom&quot;:&quot;triangle-asymmetrical&quot;,&quot;content_width&quot;:&quot;boxed&quot;}\">\n\t\t\t\t\t<div class=\"e-con-inner\">\n\t\t\t\t<div class=\"elementor-shape elementor-shape-top\" data-negative=\"true\">\n\t\t\t<svg xmlns=\"http:\/\/www.w3.org\/2000\/svg\" viewBox=\"0 0 1000 100\" preserveAspectRatio=\"none\">\n\t<path class=\"elementor-shape-fill\" d=\"M737.9,94.7L0,0v100h1000V0L737.9,94.7z\"\/>\n<\/svg>\t\t<\/div>\n\t\t\t\t<div class=\"elementor-shape elementor-shape-bottom\" data-negative=\"false\">\n\t\t\t<svg xmlns=\"http:\/\/www.w3.org\/2000\/svg\" viewBox=\"0 0 1000 100\" preserveAspectRatio=\"none\">\n\t<path class=\"elementor-shape-fill\" d=\"M738,99l262-93V0H0v5.6L738,99z\"\/>\n<\/svg>\t\t<\/div>\n\t\t<div class=\"elementor-element elementor-element-1ea6c68 e-con-full e-flex e-con\" data-id=\"1ea6c68\" data-element_type=\"container\" data-settings=\"{&quot;content_width&quot;:&quot;full&quot;,&quot;background_background&quot;:&quot;classic&quot;}\">\n\t\t\t\t<div class=\"elementor-element elementor-element-8137402 elementor-widget elementor-widget-text-editor\" data-id=\"8137402\" data-element_type=\"widget\" data-widget_type=\"text-editor.default\">\n\t\t\t\t<div class=\"elementor-widget-container\">\n\t\t\t\t\t\t\t<p><strong>Nous organisons des grandes dict\u00e9es dans les stades de footballs :<\/strong> Le Stade de France \u00e0 Saint-Denis, Le Parc des Princes \u00e0 Paris dans le 16 eme arrondissement avec plus de 48 000 places et le Groupama Stadium \u00e0 Lyon avec 59 000 places.<\/p><p>Le fondateur a f\u00e9d\u00e9r\u00e9 et a d\u00e9l\u00e9gu\u00e9 le concept de la dict\u00e9e pour tous dans plusieurs r\u00e9gions de France m\u00eame \u00e0 l\u2019international : Europe : Belgique et Italie, Afrique : Maroc et Cameroun, DOM-TOM : Nouvelle-Cal\u00e9donie et Martinique.<\/p>\t\t\t\t\t\t<\/div>\n\t\t\t\t<\/div>\n\t\t\t\t<\/div>\n\t\t\t\t\t<\/div>\n\t\t\t\t<\/div>\n\t\t<div class=\"elementor-element elementor-element-1f2bc5e e-flex e-con-boxed e-con\" data-id=\"1f2bc5e\" data-element_type=\"container\" data-settings=\"{&quot;background_background&quot;:&quot;classic&quot;,&quot;content_width&quot;:&quot;boxed&quot;}\">\n\t\t\t\t\t<div class=\"e-con-inner\">\n\t\t\t\t<div class=\"elementor-element elementor-element-0636f4e elementor-widget elementor-widget-heading\" data-id=\"0636f4e\" data-element_type=\"widget\" data-widget_type=\"heading.default\">\n\t\t\t\t<div class=\"elementor-widget-container\">\n\t\t\t<h2 class=\"elementor-heading-title elementor-size-default\">Contacts :<\/h2>\t\t<\/div>\n\t\t\t\t<\/div>\n\t\t\t\t\t<\/div>\n\t\t\t\t<\/div>\n\t\t<div class=\"elementor-element elementor-element-af511a7 e-flex e-con-boxed e-con\" data-id=\"af511a7\" data-element_type=\"container\" data-settings=\"{&quot;background_background&quot;:&quot;classic&quot;,&quot;content_width&quot;:&quot;boxed&quot;}\">\n\t\t\t\t\t<div class=\"e-con-inner\">\n\t\t<div class=\"elementor-element elementor-element-6b09dea e-con-full e-flex e-con\" data-id=\"6b09dea\" data-element_type=\"container\" data-settings=\"{&quot;content_width&quot;:&quot;full&quot;}\">\n\t\t\t\t<div class=\"elementor-element elementor-element-bc7798f elementor-view-default elementor-widget elementor-widget-icon\" data-id=\"bc7798f\" data-element_type=\"widget\" data-widget_type=\"icon.default\">\n\t\t\t\t<div class=\"elementor-widget-container\">\n\t\t\t\t\t<div class=\"elementor-icon-wrapper\">\n\t\t\t<div class=\"elementor-icon\">\n\t\t\t<svg xmlns=\"http:\/\/www.w3.org\/2000\/svg\" xmlns:xlink=\"http:\/\/www.w3.org\/1999\/xlink\" id=\"Calque_1\" x=\"0px\" y=\"0px\" viewBox=\"0 0 14 14\" style=\"enable-background:new 0 0 14 14;\" xml:space=\"preserve\"><style type=\"text\/css\">\t.st0{fill:#FFFFFF;}<\/style><g id=\"mail-send-envelope--envelope-email-message-unopened-sealed-close\">\t<path class=\"st0\" d=\"M12.1,12.4H1.9c-0.8,0-1.4-0.6-1.4-1.4V3.1c0-0.8,0.6-1.4,1.4-1.4h10.2c0.8,0,1.4,0.6,1.4,1.4v7.9  C13.5,11.7,12.9,12.4,12.1,12.4z M1.9,2.6c-0.2,0-0.4,0.2-0.4,0.4v7.9c0,0.2,0.2,0.4,0.4,0.4h10.2c0.2,0,0.4-0.2,0.4-0.4V3.1  c0-0.2-0.2-0.4-0.4-0.4H1.9z\"><\/path>\t<path class=\"st0\" d=\"M7,7.2C6.7,7.2,6.4,7.1,6.2,7L0.7,3.7C0.5,3.6,0.4,3.3,0.5,3C0.7,2.8,1,2.7,1.2,2.9l5.4,3.3  c0.2,0.1,0.5,0.1,0.7,0l5.4-3.3C13,2.7,13.3,2.8,13.5,3c0.1,0.2,0.1,0.5-0.2,0.7L7.9,7C7.6,7.1,7.3,7.2,7,7.2z\"><\/path><\/g><\/svg>\t\t\t<\/div>\n\t\t<\/div>\n\t\t\t\t<\/div>\n\t\t\t\t<\/div>\n\t\t\t\t<div class=\"elementor-element elementor-element-8b413cb elementor-widget elementor-widget-text-editor\" data-id=\"8b413cb\" data-element_type=\"widget\" data-widget_type=\"text-editor.default\">\n\t\t\t\t<div class=\"elementor-widget-container\">\n\t\t\t\t\t\t\t<p><strong>ladicteepourtous@gmail.com<\/strong><\/p>\t\t\t\t\t\t<\/div>\n\t\t\t\t<\/div>\n\t\t\t\t<\/div>\n\t\t<div class=\"elementor-element elementor-element-84e00b6 e-con-full e-flex e-con\" data-id=\"84e00b6\" data-element_type=\"container\" data-settings=\"{&quot;content_width&quot;:&quot;full&quot;}\">\n\t\t\t\t<div class=\"elementor-element elementor-element-90ab9f3 elementor-view-default elementor-widget elementor-widget-icon\" data-id=\"90ab9f3\" data-element_type=\"widget\" data-widget_type=\"icon.default\">\n\t\t\t\t<div class=\"elementor-widget-container\">\n\t\t\t\t\t<div class=\"elementor-icon-wrapper\">\n\t\t\t<div class=\"elementor-icon\">\n\t\t\t<svg xmlns=\"http:\/\/www.w3.org\/2000\/svg\" xmlns:xlink=\"http:\/\/www.w3.org\/1999\/xlink\" id=\"Calque_1\" x=\"0px\" y=\"0px\" viewBox=\"0 0 14 14\" style=\"enable-background:new 0 0 14 14;\" xml:space=\"preserve\"><style type=\"text\/css\">\t.st0{fill:#FFFFFF;}<\/style><g id=\"phone-ringing-1--android-phone-mobile-device-smartphone-iphone-ringing-incoming-call\">\t<path class=\"st0\" d=\"M5.2,13.5c-0.8,0-1.6-0.3-2.1-0.9l-0.4-0.4c-0.5-0.5-0.5-1.4,0-1.9l1.5-1.5c0.5-0.5,1.4-0.5,1.9,0  c0.1,0.1,0.4,0.1,0.5,0l2.4-2.4c0.1-0.1,0.1-0.4,0-0.5c-0.5-0.5-0.5-1.4,0-1.9l1.4-1.5c0.5-0.5,1.4-0.5,1.9,0l0.4,0.4  c1,1,1.2,2.6,0.5,3.7c-1.7,2.5-3.8,4.6-6.2,6.2c0,0,0,0,0,0C6.3,13.4,5.8,13.5,5.2,13.5z M6.5,12.6L6.5,12.6L6.5,12.6z M5.1,9.5  c-0.1,0-0.2,0-0.2,0.1l-1.5,1.5c-0.1,0.1-0.1,0.3,0,0.5l0.4,0.4c0.7,0.7,1.7,0.8,2.5,0.3c2.4-1.6,4.4-3.6,6-6  c0.5-0.8,0.4-1.8-0.3-2.5l-0.4-0.4c-0.1-0.1-0.3-0.1-0.5,0L9.6,4.9C9.5,5,9.5,5.2,9.6,5.4c0.5,0.5,0.5,1.4,0,1.9L7.3,9.6  c-0.5,0.5-1.4,0.5-1.9,0C5.3,9.6,5.2,9.5,5.1,9.5z\"><\/path>\t<path class=\"st0\" d=\"M1,7.5C0.7,7.5,0.5,7.3,0.5,7c0-3.6,2.9-6.5,6.5-6.5c0.3,0,0.5,0.2,0.5,0.5S7.3,1.5,7,1.5  C3.9,1.5,1.5,3.9,1.5,7C1.5,7.3,1.2,7.5,1,7.5z\"><\/path>\t<path class=\"st0\" d=\"M3.3,7.5C3,7.5,2.8,7.3,2.8,7c0-2.3,1.9-4.2,4.2-4.2c0.3,0,0.5,0.2,0.5,0.5S7.3,3.8,7,3.8  C5.2,3.8,3.8,5.2,3.8,7C3.8,7.3,3.6,7.5,3.3,7.5z\"><\/path><\/g><\/svg>\t\t\t<\/div>\n\t\t<\/div>\n\t\t\t\t<\/div>\n\t\t\t\t<\/div>\n\t\t\t\t<div class=\"elementor-element elementor-element-0309e02 elementor-widget elementor-widget-text-editor\" data-id=\"0309e02\" data-element_type=\"widget\" data-widget_type=\"text-editor.default\">\n\t\t\t\t<div class=\"elementor-widget-container\">\n\t\t\t\t\t\t\t<p><strong>06 83 49 40 15<\/strong><\/p>\t\t\t\t\t\t<\/div>\n\t\t\t\t<\/div>\n\t\t\t\t<\/div>\n\t\t\t\t\t<\/div>\n\t\t\t\t<\/div>\n\t\t\t\t\t\t\t<\/div>\n\t\t","protected":false},"excerpt":{"rendered":"<p>Actualit\u00e9s L\u2019initiative de grandes dict\u00e9es organis\u00e9es sur toute France est partie d\u2019un constat clair : l\u2019orthographe et les mots qui sont des enjeux essentiels pour chacun d\u2019entre nous peuvent \u00eatre un jeu mais surtout un moment f\u00e9d\u00e9rateur. La mise en place d\u2019organiser une dict\u00e9e g\u00e9ante dans chaque ville permet l\u2019acc\u00e8s \u00e0 la lecture et \u00e0 [&hellip;]<\/p>\n","protected":false},"author":1,"featured_media":0,"parent":0,"menu_order":0,"comment_status":"closed","ping_status":"closed","template":"elementor_canvas","meta":{"footnotes":""},"class_list":["post-164","page","type-page","status-publish","hentry"],"_links":{"self":[{"href":"https:\/\/lagrandedictee.fr\/index.php\/wp-json\/wp\/v2\/pages\/164","targetHints":{"allow":["GET"]}}],"collection":[{"href":"https:\/\/lagrandedictee.fr\/index.php\/wp-json\/wp\/v2\/pages"}],"about":[{"href":"https:\/\/lagrandedictee.fr\/index.php\/wp-json\/wp\/v2\/types\/page"}],"author":[{"embeddable":true,"href":"https:\/\/lagrandedictee.fr\/index.php\/wp-json\/wp\/v2\/users\/1"}],"replies":[{"embeddable":true,"href":"https:\/\/lagrandedictee.fr\/index.php\/wp-json\/wp\/v2\/comments?post=164"}],"version-history":[{"count":130,"href":"https:\/\/lagrandedictee.fr\/index.php\/wp-json\/wp\/v2\/pages\/164\/revisions"}],"predecessor-version":[{"id":365,"href":"https:\/\/lagrandedictee.fr\/index.php\/wp-json\/wp\/v2\/pages\/164\/revisions\/365"}],"wp:attachment":[{"href":"https:\/\/lagrandedictee.fr\/index.php\/wp-json\/wp\/v2\/media?parent=164"}],"curies":[{"name":"wp","href":"https:\/\/api.w.org\/{rel}","templated":true}]}}